{"id":812,"date":"2024-02-13T08:36:36","date_gmt":"2024-02-13T08:36:36","guid":{"rendered":"https:\/\/jardineria-navarro.com\/?page_id=812"},"modified":"2024-02-13T08:40:58","modified_gmt":"2024-02-13T08:40:58","slug":"declaracion-de-accesibilidad","status":"publish","type":"page","link":"https:\/\/jardineria-navarro.com\/ca\/declaracion-de-accesibilidad\/","title":{"rendered":"Declaraci\u00f3n de accesibilidad"},"content":{"rendered":"<div data-elementor-type=\"wp-page\" data-elementor-id=\"812\" class=\"elementor elementor-812\" data-elementor-post-type=\"page\">\n\t\t\t\t\t\t<section data-particle_enable=\"false\" data-particle-mobile-disabled=\"false\" class=\"elementor-section elementor-top-section elementor-element elementor-element-d43a79b elementor-section-boxed elementor-section-height-default elementor-section-height-default\" data-id=\"d43a79b\" data-element_type=\"section\" data-settings=\"{&quot;jet_parallax_layout_list&quot;:[]}\">\n\t\t\t\t\t\t<div class=\"elementor-container elementor-column-gap-default\">\n\t\t\t\t\t<div class=\"elementor-column elementor-col-100 elementor-top-column elementor-element elementor-element-e649a63\" data-id=\"e649a63\" data-element_type=\"column\">\n\t\t\t<div class=\"elementor-widget-wrap elementor-element-populated\">\n\t\t\t\t\t\t<div class=\"elementor-element elementor-element-8f1453d elementor-widget elementor-widget-text-editor\" data-id=\"8f1453d\" data-element_type=\"widget\" data-widget_type=\"text-editor.default\">\n\t\t\t\t<div class=\"elementor-widget-container\">\n\t\t\t<style>\/*! elementor - v3.22.0 - 26-06-2024 *\/\n.elementor-widget-text-editor.elementor-drop-cap-view-stacked .elementor-drop-cap{background-color:#69727d;color:#fff}.elementor-widget-text-editor.elementor-drop-cap-view-framed .elementor-drop-cap{color:#69727d;border:3px solid;background-color:transparent}.elementor-widget-text-editor:not(.elementor-drop-cap-view-default) .elementor-drop-cap{margin-top:8px}.elementor-widget-text-editor:not(.elementor-drop-cap-view-default) .elementor-drop-cap-letter{width:1em;height:1em}.elementor-widget-text-editor .elementor-drop-cap{float:left;text-align:center;line-height:1;font-size:50px}.elementor-widget-text-editor .elementor-drop-cap-letter{display:inline-block}<\/style>\t\t\t\t<p>La presente declaraci\u00f3n de accesibilidad aplica al sitio web <a href=\"https:\/\/jardineria-navarro.com\/ca\/\">https:\/\/jardineria-navarro.com<\/a> y a todas las p\u00e1ginas web y contenidos alojados en \u00e9l.<\/p><p><strong>Situaci\u00f3n de Cumplimiento:<\/strong>\u00a0a) Este sitio web cumple plenamente con la legislaci\u00f3n nacional.<\/p><p><strong>Preparaci\u00f3n de la presente declaraci\u00f3n de accesibilidad:<\/strong>\u00a0Esta declaraci\u00f3n fue preparada el 23 de octubre de 2023. Para su preparaci\u00f3n, se utiliz\u00f3 el m\u00e9todo mencionado en el art\u00edculo 3, apartado 1, de la Decisi\u00f3n de Ejecuci\u00f3n (UE) 2018\/1523 de la Comisi\u00f3n.<\/p><p><strong>\u00daltima revisi\u00f3n de la declaraci\u00f3n:<\/strong>\u00a023 de octubre de 2023.<\/p><p><strong>Observaciones y datos de contacto:<\/strong> En caso de identificar cualquier incumplimiento de los requisitos de accesibilidad, o si necesita solicitar informaci\u00f3n o contenido que no est\u00e9 cubierto por la Directiva, puede contactar con nosotros a trav\u00e9s del correo electr\u00f3nico <a role=\"link\" href=\"mailto:pedidos@jardineria-navarro.com\">pedidos@jardineria-navarro.com<\/a><\/p><p>La persona responsable de la accesibilidad y la gesti\u00f3n de solicitudes enviadas a trav\u00e9s del mecanismo de comunicaci\u00f3n es Lourdes Ramos Gil . Puede ser contactada en el correo electr\u00f3nico: <a role=\"link\" href=\"mailto:pedidos@jardineria-navarro.com\">pedidos@jardineria-navarro.com<\/a><\/p><p><strong>Procedimiento de aplicaci\u00f3n:<\/strong> Si la respuesta a la notificaci\u00f3n o a la solicitud enviada al correo electr\u00f3nico mencionado en la secci\u00f3n de \u00abObservaciones y datos de contacto\u00bb es insatisfactoria, se puede utilizar el formulario de contacto disponible en el siguiente enlace: <a href=\"https:\/\/jardineria-navarro.com\/ca\/contacto\/\">https:\/\/jardineria-navarro.com\/contacto\/<\/a><\/p><p>Si resulta necesario, puede contactar con el organismo de ejecuci\u00f3n pertinente, cuyos datos de contacto est\u00e1n disponibles en la p\u00e1gina web de la entidad responsable de la accesibilidad en Espa\u00f1a:\u00a0<a role=\"link\" href=\"https:\/\/www.seg-social.es\/wps\/portal\/wss\/internet\/Trabajadores\/InformacionRelevante\/30413\/30903\" target=\"_new\">https:\/\/www.seg-social.es\/wps\/portal\/wss\/internet\/Trabajadores\/InformacionRelevante\/30413\/30903<\/a>.<\/p>\t\t\t\t\t\t<\/div>\n\t\t\t\t<\/div>\n\t\t\t\t\t<\/div>\n\t\t<\/div>\n\t\t\t\t\t<\/div>\n\t\t<\/section>\n\t\t\t\t<\/div>","protected":false},"excerpt":{"rendered":"<p>La presente declaraci\u00f3n de accesibilidad aplica al sitio web https:\/\/jardineria-navarro.com y a todas las p\u00e1ginas web y contenidos alojados en \u00e9l. Situaci\u00f3n de Cumplimiento:\u00a0a) Este sitio web cumple plenamente con la legislaci\u00f3n nacional. Preparaci\u00f3n de la presente declaraci\u00f3n de accesibilidad:\u00a0Esta declaraci\u00f3n fue preparada el 23 de octubre de 2023. Para su preparaci\u00f3n, se utiliz\u00f3 el [&hellip;]<\/p>","protected":false},"author":1,"featured_media":0,"parent":0,"menu_order":0,"comment_status":"closed","ping_status":"closed","template":"","meta":{"footnotes":""},"class_list":["post-812","page","type-page","status-publish","hentry"],"yoast_head":"<!-- This site is optimized with the Yoast SEO plugin v23.0 - https:\/\/yoast.com\/wordpress\/plugins\/seo\/ -->\n<title>Declaraci\u00f3n de accesibilidad - Jardiner&iacute;a Navarro<\/title>\n<meta name=\"robots\" content=\"index, follow, max-snippet:-1, max-image-preview:large, max-video-preview:-1\" \/>\n<link rel=\"canonical\" href=\"https:\/\/jardineria-navarro.com\/ca\/declaracion-de-accesibilidad\/\" \/>\n<meta property=\"og:locale\" content=\"ca_ES\" \/>\n<meta property=\"og:type\" content=\"article\" \/>\n<meta property=\"og:title\" content=\"Declaraci\u00f3n de accesibilidad - Jardiner&iacute;a Navarro\" \/>\n<meta property=\"og:description\" content=\"La presente declaraci\u00f3n de accesibilidad aplica al sitio web https:\/\/jardineria-navarro.com y a todas las p\u00e1ginas web y contenidos alojados en \u00e9l. Situaci\u00f3n de Cumplimiento:\u00a0a) Este sitio web cumple plenamente con la legislaci\u00f3n nacional. Preparaci\u00f3n de la presente declaraci\u00f3n de accesibilidad:\u00a0Esta declaraci\u00f3n fue preparada el 23 de octubre de 2023. Para su preparaci\u00f3n, se utiliz\u00f3 el [&hellip;]\" \/>\n<meta property=\"og:url\" content=\"https:\/\/jardineria-navarro.com\/ca\/declaracion-de-accesibilidad\/\" \/>\n<meta property=\"og:site_name\" content=\"Jardiner&iacute;a Navarro\" \/>\n<meta property=\"article:modified_time\" content=\"2024-02-13T08:40:58+00:00\" \/>\n<meta name=\"twitter:card\" content=\"summary_large_image\" \/>\n<meta name=\"twitter:label1\" content=\"Temps estimat de lectura\" \/>\n\t<meta name=\"twitter:data1\" content=\"2 minuts\" \/>\n<script type=\"application\/ld+json\" class=\"yoast-schema-graph\">{\"@context\":\"https:\/\/schema.org\",\"@graph\":[{\"@type\":\"WebPage\",\"@id\":\"https:\/\/jardineria-navarro.com\/declaracion-de-accesibilidad\/\",\"url\":\"https:\/\/jardineria-navarro.com\/declaracion-de-accesibilidad\/\",\"name\":\"Declaraci\u00f3n de accesibilidad - Jardiner&iacute;a Navarro\",\"isPartOf\":{\"@id\":\"https:\/\/jardineria-navarro.com\/#website\"},\"datePublished\":\"2024-02-13T08:36:36+00:00\",\"dateModified\":\"2024-02-13T08:40:58+00:00\",\"breadcrumb\":{\"@id\":\"https:\/\/jardineria-navarro.com\/declaracion-de-accesibilidad\/#breadcrumb\"},\"inLanguage\":\"ca\",\"potentialAction\":[{\"@type\":\"ReadAction\",\"target\":[\"https:\/\/jardineria-navarro.com\/declaracion-de-accesibilidad\/\"]}]},{\"@type\":\"BreadcrumbList\",\"@id\":\"https:\/\/jardineria-navarro.com\/declaracion-de-accesibilidad\/#breadcrumb\",\"itemListElement\":[{\"@type\":\"ListItem\",\"position\":1,\"name\":\"Portada\",\"item\":\"https:\/\/jardineria-navarro.com\/\"},{\"@type\":\"ListItem\",\"position\":2,\"name\":\"Declaraci\u00f3n de accesibilidad\"}]},{\"@type\":\"WebSite\",\"@id\":\"https:\/\/jardineria-navarro.com\/#website\",\"url\":\"https:\/\/jardineria-navarro.com\/\",\"name\":\"Jardiner&iacute;a Navarro\",\"description\":\"Tienda online de jardiner&iacute;a\",\"publisher\":{\"@id\":\"https:\/\/jardineria-navarro.com\/#organization\"},\"potentialAction\":[{\"@type\":\"SearchAction\",\"target\":{\"@type\":\"EntryPoint\",\"urlTemplate\":\"https:\/\/jardineria-navarro.com\/?s={search_term_string}\"},\"query-input\":\"required name=search_term_string\"}],\"inLanguage\":\"ca\"},{\"@type\":\"Organization\",\"@id\":\"https:\/\/jardineria-navarro.com\/#organization\",\"name\":\"Jardiner&iacute;a Navarro\",\"url\":\"https:\/\/jardineria-navarro.com\/\",\"logo\":{\"@type\":\"ImageObject\",\"inLanguage\":\"ca\",\"@id\":\"https:\/\/jardineria-navarro.com\/#\/schema\/logo\/image\/\",\"url\":\"https:\/\/jardineria-navarro.com\/wp-content\/uploads\/2024\/01\/Sin-titulo-1600-x-697-px-1.png\",\"contentUrl\":\"https:\/\/jardineria-navarro.com\/wp-content\/uploads\/2024\/01\/Sin-titulo-1600-x-697-px-1.png\",\"width\":1600,\"height\":697,\"caption\":\"Jardiner&iacute;a Navarro\"},\"image\":{\"@id\":\"https:\/\/jardineria-navarro.com\/#\/schema\/logo\/image\/\"}}]}<\/script>\n<!-- \/ Yoast SEO plugin. -->","yoast_head_json":{"title":"Declaraci\u00f3n de accesibilidad - Jardiner&iacute;a Navarro","robots":{"index":"index","follow":"follow","max-snippet":"max-snippet:-1","max-image-preview":"max-image-preview:large","max-video-preview":"max-video-preview:-1"},"canonical":"https:\/\/jardineria-navarro.com\/ca\/declaracion-de-accesibilidad\/","og_locale":"ca_ES","og_type":"article","og_title":"Declaraci\u00f3n de accesibilidad - Jardiner&iacute;a Navarro","og_description":"La presente declaraci\u00f3n de accesibilidad aplica al sitio web https:\/\/jardineria-navarro.com y a todas las p\u00e1ginas web y contenidos alojados en \u00e9l. Situaci\u00f3n de Cumplimiento:\u00a0a) Este sitio web cumple plenamente con la legislaci\u00f3n nacional. Preparaci\u00f3n de la presente declaraci\u00f3n de accesibilidad:\u00a0Esta declaraci\u00f3n fue preparada el 23 de octubre de 2023. Para su preparaci\u00f3n, se utiliz\u00f3 el [&hellip;]","og_url":"https:\/\/jardineria-navarro.com\/ca\/declaracion-de-accesibilidad\/","og_site_name":"Jardiner&iacute;a Navarro","article_modified_time":"2024-02-13T08:40:58+00:00","twitter_card":"summary_large_image","twitter_misc":{"Temps estimat de lectura":"2 minuts"},"schema":{"@context":"https:\/\/schema.org","@graph":[{"@type":"WebPage","@id":"https:\/\/jardineria-navarro.com\/declaracion-de-accesibilidad\/","url":"https:\/\/jardineria-navarro.com\/declaracion-de-accesibilidad\/","name":"Declaraci\u00f3n de accesibilidad - Jardiner&iacute;a Navarro","isPartOf":{"@id":"https:\/\/jardineria-navarro.com\/#website"},"datePublished":"2024-02-13T08:36:36+00:00","dateModified":"2024-02-13T08:40:58+00:00","breadcrumb":{"@id":"https:\/\/jardineria-navarro.com\/declaracion-de-accesibilidad\/#breadcrumb"},"inLanguage":"ca","potentialAction":[{"@type":"ReadAction","target":["https:\/\/jardineria-navarro.com\/declaracion-de-accesibilidad\/"]}]},{"@type":"BreadcrumbList","@id":"https:\/\/jardineria-navarro.com\/declaracion-de-accesibilidad\/#breadcrumb","itemListElement":[{"@type":"ListItem","position":1,"name":"Portada","item":"https:\/\/jardineria-navarro.com\/"},{"@type":"ListItem","position":2,"name":"Declaraci\u00f3n de accesibilidad"}]},{"@type":"WebSite","@id":"https:\/\/jardineria-navarro.com\/#website","url":"https:\/\/jardineria-navarro.com\/","name":"Jardiner&iacute;a Navarro","description":"Tienda online de jardiner&iacute;a","publisher":{"@id":"https:\/\/jardineria-navarro.com\/#organization"},"potentialAction":[{"@type":"SearchAction","target":{"@type":"EntryPoint","urlTemplate":"https:\/\/jardineria-navarro.com\/?s={search_term_string}"},"query-input":"required name=search_term_string"}],"inLanguage":"ca"},{"@type":"Organization","@id":"https:\/\/jardineria-navarro.com\/#organization","name":"Jardiner&iacute;a Navarro","url":"https:\/\/jardineria-navarro.com\/","logo":{"@type":"ImageObject","inLanguage":"ca","@id":"https:\/\/jardineria-navarro.com\/#\/schema\/logo\/image\/","url":"https:\/\/jardineria-navarro.com\/wp-content\/uploads\/2024\/01\/Sin-titulo-1600-x-697-px-1.png","contentUrl":"https:\/\/jardineria-navarro.com\/wp-content\/uploads\/2024\/01\/Sin-titulo-1600-x-697-px-1.png","width":1600,"height":697,"caption":"Jardiner&iacute;a Navarro"},"image":{"@id":"https:\/\/jardineria-navarro.com\/#\/schema\/logo\/image\/"}}]}},"_links":{"self":[{"href":"https:\/\/jardineria-navarro.com\/ca\/wp-json\/wp\/v2\/pages\/812","targetHints":{"allow":["GET"]}}],"collection":[{"href":"https:\/\/jardineria-navarro.com\/ca\/wp-json\/wp\/v2\/pages"}],"about":[{"href":"https:\/\/jardineria-navarro.com\/ca\/wp-json\/wp\/v2\/types\/page"}],"author":[{"embeddable":true,"href":"https:\/\/jardineria-navarro.com\/ca\/wp-json\/wp\/v2\/users\/1"}],"replies":[{"embeddable":true,"href":"https:\/\/jardineria-navarro.com\/ca\/wp-json\/wp\/v2\/comments?post=812"}],"version-history":[{"count":4,"href":"https:\/\/jardineria-navarro.com\/ca\/wp-json\/wp\/v2\/pages\/812\/revisions"}],"predecessor-version":[{"id":817,"href":"https:\/\/jardineria-navarro.com\/ca\/wp-json\/wp\/v2\/pages\/812\/revisions\/817"}],"wp:attachment":[{"href":"https:\/\/jardineria-navarro.com\/ca\/wp-json\/wp\/v2\/media?parent=812"}],"curies":[{"name":"wp","href":"https:\/\/api.w.org\/{rel}","templated":true}]}}