{"id":452,"date":"2024-01-26T20:03:35","date_gmt":"2024-01-26T20:03:35","guid":{"rendered":"https:\/\/jardineria-navarro.com\/?post_type=product&#038;p=452"},"modified":"2024-02-26T11:22:32","modified_gmt":"2024-02-26T11:22:32","slug":"astralpool-cloro-lento-granulado-5-kg","status":"publish","type":"product","link":"https:\/\/jardineria-navarro.com\/ca\/tienda\/piscinas\/astralpool-cloro-lento-granulado-5-kg\/","title":{"rendered":"Astralpool cloro lento granulado &#8211; 5 kg"},"content":{"rendered":"<p>Descubre la eficacia duradera del Cloro Lento Granulado de Astralpool en un formato de 5 kg. Este producto excepcional est\u00e1 dise\u00f1ado para proporcionar una desinfecci\u00f3n continua y equilibrada en tu piscina, manteniendo el agua en condiciones \u00f3ptimas.<\/p>\n<p>Con una liberaci\u00f3n gradual, el Cloro Lento Granulado de Astralpool es ideal para un mantenimiento constante. Su f\u00f3rmula avanzada asegura la eliminaci\u00f3n efectiva de bacterias y microorganismos, garantizando la seguridad y la claridad del agua de tu piscina.<\/p>\n<p>Conf\u00eda en la calidad de Astralpool para ofrecer un cloro lento granulado de confianza, respaldado por a\u00f1os de experiencia en el cuidado de piscinas. Eleva el est\u00e1ndar de desinfecci\u00f3n de tu piscina con este producto confiable y efectivo.<\/p>","protected":false},"excerpt":{"rendered":"<p>Descubre la eficacia duradera del Cloro Lento Granulado de Astralpool en un formato de 5 kg. Este producto excepcional est\u00e1 dise\u00f1ado para proporcionar una desinfecci\u00f3n continua y equilibrada en tu piscina, manteniendo el agua en condiciones \u00f3ptimas. Con una liberaci\u00f3n gradual, el Cloro Lento Granulado de Astralpool es ideal para un mantenimiento constante. Su f\u00f3rmula [&hellip;]<\/p>","protected":false},"featured_media":453,"template":"","meta":[],"product_cat":[23],"product_tag":[],"class_list":{"0":"post-452","1":"product","2":"type-product","3":"status-publish","4":"has-post-thumbnail","6":"product_cat-piscinas","8":"first","9":"instock","10":"taxable","11":"shipping-taxable","12":"purchasable","13":"product-type-simple"},"yoast_head":"<!-- This site is optimized with the Yoast SEO plugin v23.0 - https:\/\/yoast.com\/wordpress\/plugins\/seo\/ -->\n<title>Astralpool cloro lento granulado - 5 kg - Jardiner&iacute;a Navarro<\/title>\n<meta name=\"description\" content=\"Descubre el cloro l\u00edquido de Astralpool para mantener tu piscina limpia y segura. F\u00f3rmula eficaz y de f\u00e1cil dosificaci\u00f3n.\" \/>\n<meta name=\"robots\" content=\"index, follow, max-snippet:-1, max-image-preview:large, max-video-preview:-1\" \/>\n<link rel=\"canonical\" href=\"https:\/\/jardineria-navarro.com\/ca\/tienda\/piscinas\/astralpool-cloro-lento-granulado-5-kg\/\" \/>\n<meta property=\"og:locale\" content=\"ca_ES\" \/>\n<meta property=\"og:type\" content=\"article\" \/>\n<meta property=\"og:title\" content=\"Astralpool cloro lento granulado - 5 kg - Jardiner&iacute;a Navarro\" \/>\n<meta property=\"og:description\" content=\"Descubre el cloro l\u00edquido de Astralpool para mantener tu piscina limpia y segura. F\u00f3rmula eficaz y de f\u00e1cil dosificaci\u00f3n.\" \/>\n<meta property=\"og:url\" content=\"https:\/\/jardineria-navarro.com\/ca\/tienda\/piscinas\/astralpool-cloro-lento-granulado-5-kg\/\" \/>\n<meta property=\"og:site_name\" content=\"Jardiner&iacute;a Navarro\" \/>\n<meta property=\"article:modified_time\" content=\"2024-02-26T11:22:32+00:00\" \/>\n<meta property=\"og:image\" content=\"https:\/\/jardineria-navarro.com\/wp-content\/uploads\/2024\/01\/03.jpg\" \/>\n\t<meta property=\"og:image:width\" content=\"300\" \/>\n\t<meta property=\"og:image:height\" content=\"243\" \/>\n\t<meta property=\"og:image:type\" content=\"image\/jpeg\" \/>\n<meta name=\"twitter:card\" content=\"summary_large_image\" \/>\n<meta name=\"twitter:label1\" content=\"Temps estimat de lectura\" \/>\n\t<meta name=\"twitter:data1\" content=\"1 minut\" \/>\n<script type=\"application\/ld+json\" class=\"yoast-schema-graph\">{\"@context\":\"https:\/\/schema.org\",\"@graph\":[{\"@type\":\"WebPage\",\"@id\":\"https:\/\/jardineria-navarro.com\/tienda\/piscinas\/astralpool-cloro-lento-granulado-5-kg\/\",\"url\":\"https:\/\/jardineria-navarro.com\/tienda\/piscinas\/astralpool-cloro-lento-granulado-5-kg\/\",\"name\":\"Astralpool cloro lento granulado - 5 kg - Jardiner&iacute;a Navarro\",\"isPartOf\":{\"@id\":\"https:\/\/jardineria-navarro.com\/#website\"},\"primaryImageOfPage\":{\"@id\":\"https:\/\/jardineria-navarro.com\/tienda\/piscinas\/astralpool-cloro-lento-granulado-5-kg\/#primaryimage\"},\"image\":{\"@id\":\"https:\/\/jardineria-navarro.com\/tienda\/piscinas\/astralpool-cloro-lento-granulado-5-kg\/#primaryimage\"},\"thumbnailUrl\":\"https:\/\/jardineria-navarro.com\/wp-content\/uploads\/2024\/01\/03.jpg\",\"datePublished\":\"2024-01-26T20:03:35+00:00\",\"dateModified\":\"2024-02-26T11:22:32+00:00\",\"description\":\"Descubre el cloro l\u00edquido de Astralpool para mantener tu piscina limpia y segura. F\u00f3rmula eficaz y de f\u00e1cil dosificaci\u00f3n.\",\"breadcrumb\":{\"@id\":\"https:\/\/jardineria-navarro.com\/tienda\/piscinas\/astralpool-cloro-lento-granulado-5-kg\/#breadcrumb\"},\"inLanguage\":\"ca\",\"potentialAction\":[{\"@type\":\"ReadAction\",\"target\":[\"https:\/\/jardineria-navarro.com\/tienda\/piscinas\/astralpool-cloro-lento-granulado-5-kg\/\"]}]},{\"@type\":\"ImageObject\",\"inLanguage\":\"ca\",\"@id\":\"https:\/\/jardineria-navarro.com\/tienda\/piscinas\/astralpool-cloro-lento-granulado-5-kg\/#primaryimage\",\"url\":\"https:\/\/jardineria-navarro.com\/wp-content\/uploads\/2024\/01\/03.jpg\",\"contentUrl\":\"https:\/\/jardineria-navarro.com\/wp-content\/uploads\/2024\/01\/03.jpg\",\"width\":300,\"height\":243,\"caption\":\"ASTRALPOOL CLORO LENTO GRANULADO - 5 Kg\"},{\"@type\":\"BreadcrumbList\",\"@id\":\"https:\/\/jardineria-navarro.com\/tienda\/piscinas\/astralpool-cloro-lento-granulado-5-kg\/#breadcrumb\",\"itemListElement\":[{\"@type\":\"ListItem\",\"position\":1,\"name\":\"Portada\",\"item\":\"https:\/\/jardineria-navarro.com\/\"},{\"@type\":\"ListItem\",\"position\":2,\"name\":\"Productos\",\"item\":\"https:\/\/jardineria-navarro.com\/tienda\/\"},{\"@type\":\"ListItem\",\"position\":3,\"name\":\"Astralpool cloro lento granulado &#8211; 5 kg\"}]},{\"@type\":\"WebSite\",\"@id\":\"https:\/\/jardineria-navarro.com\/#website\",\"url\":\"https:\/\/jardineria-navarro.com\/\",\"name\":\"Jardiner&iacute;a Navarro\",\"description\":\"Tienda online de jardiner&iacute;a\",\"publisher\":{\"@id\":\"https:\/\/jardineria-navarro.com\/#organization\"},\"potentialAction\":[{\"@type\":\"SearchAction\",\"target\":{\"@type\":\"EntryPoint\",\"urlTemplate\":\"https:\/\/jardineria-navarro.com\/?s={search_term_string}\"},\"query-input\":\"required name=search_term_string\"}],\"inLanguage\":\"ca\"},{\"@type\":\"Organization\",\"@id\":\"https:\/\/jardineria-navarro.com\/#organization\",\"name\":\"Jardiner&iacute;a Navarro\",\"url\":\"https:\/\/jardineria-navarro.com\/\",\"logo\":{\"@type\":\"ImageObject\",\"inLanguage\":\"ca\",\"@id\":\"https:\/\/jardineria-navarro.com\/#\/schema\/logo\/image\/\",\"url\":\"https:\/\/jardineria-navarro.com\/wp-content\/uploads\/2024\/01\/Sin-titulo-1600-x-697-px-1.png\",\"contentUrl\":\"https:\/\/jardineria-navarro.com\/wp-content\/uploads\/2024\/01\/Sin-titulo-1600-x-697-px-1.png\",\"width\":1600,\"height\":697,\"caption\":\"Jardiner&iacute;a Navarro\"},\"image\":{\"@id\":\"https:\/\/jardineria-navarro.com\/#\/schema\/logo\/image\/\"}}]}<\/script>\n<!-- \/ Yoast SEO plugin. -->","yoast_head_json":{"title":"Astralpool cloro lento granulado - 5 kg - Jardiner&iacute;a Navarro","description":"Descubre el cloro l\u00edquido de Astralpool para mantener tu piscina limpia y segura. F\u00f3rmula eficaz y de f\u00e1cil dosificaci\u00f3n.","robots":{"index":"index","follow":"follow","max-snippet":"max-snippet:-1","max-image-preview":"max-image-preview:large","max-video-preview":"max-video-preview:-1"},"canonical":"https:\/\/jardineria-navarro.com\/ca\/tienda\/piscinas\/astralpool-cloro-lento-granulado-5-kg\/","og_locale":"ca_ES","og_type":"article","og_title":"Astralpool cloro lento granulado - 5 kg - Jardiner&iacute;a Navarro","og_description":"Descubre el cloro l\u00edquido de Astralpool para mantener tu piscina limpia y segura. F\u00f3rmula eficaz y de f\u00e1cil dosificaci\u00f3n.","og_url":"https:\/\/jardineria-navarro.com\/ca\/tienda\/piscinas\/astralpool-cloro-lento-granulado-5-kg\/","og_site_name":"Jardiner&iacute;a Navarro","article_modified_time":"2024-02-26T11:22:32+00:00","og_image":[{"width":300,"height":243,"url":"https:\/\/jardineria-navarro.com\/wp-content\/uploads\/2024\/01\/03.jpg","type":"image\/jpeg"}],"twitter_card":"summary_large_image","twitter_misc":{"Temps estimat de lectura":"1 minut"},"schema":{"@context":"https:\/\/schema.org","@graph":[{"@type":"WebPage","@id":"https:\/\/jardineria-navarro.com\/tienda\/piscinas\/astralpool-cloro-lento-granulado-5-kg\/","url":"https:\/\/jardineria-navarro.com\/tienda\/piscinas\/astralpool-cloro-lento-granulado-5-kg\/","name":"Astralpool cloro lento granulado - 5 kg - Jardiner&iacute;a Navarro","isPartOf":{"@id":"https:\/\/jardineria-navarro.com\/#website"},"primaryImageOfPage":{"@id":"https:\/\/jardineria-navarro.com\/tienda\/piscinas\/astralpool-cloro-lento-granulado-5-kg\/#primaryimage"},"image":{"@id":"https:\/\/jardineria-navarro.com\/tienda\/piscinas\/astralpool-cloro-lento-granulado-5-kg\/#primaryimage"},"thumbnailUrl":"https:\/\/jardineria-navarro.com\/wp-content\/uploads\/2024\/01\/03.jpg","datePublished":"2024-01-26T20:03:35+00:00","dateModified":"2024-02-26T11:22:32+00:00","description":"Descubre el cloro l\u00edquido de Astralpool para mantener tu piscina limpia y segura. F\u00f3rmula eficaz y de f\u00e1cil dosificaci\u00f3n.","breadcrumb":{"@id":"https:\/\/jardineria-navarro.com\/tienda\/piscinas\/astralpool-cloro-lento-granulado-5-kg\/#breadcrumb"},"inLanguage":"ca","potentialAction":[{"@type":"ReadAction","target":["https:\/\/jardineria-navarro.com\/tienda\/piscinas\/astralpool-cloro-lento-granulado-5-kg\/"]}]},{"@type":"ImageObject","inLanguage":"ca","@id":"https:\/\/jardineria-navarro.com\/tienda\/piscinas\/astralpool-cloro-lento-granulado-5-kg\/#primaryimage","url":"https:\/\/jardineria-navarro.com\/wp-content\/uploads\/2024\/01\/03.jpg","contentUrl":"https:\/\/jardineria-navarro.com\/wp-content\/uploads\/2024\/01\/03.jpg","width":300,"height":243,"caption":"ASTRALPOOL CLORO LENTO GRANULADO - 5 Kg"},{"@type":"BreadcrumbList","@id":"https:\/\/jardineria-navarro.com\/tienda\/piscinas\/astralpool-cloro-lento-granulado-5-kg\/#breadcrumb","itemListElement":[{"@type":"ListItem","position":1,"name":"Portada","item":"https:\/\/jardineria-navarro.com\/"},{"@type":"ListItem","position":2,"name":"Productos","item":"https:\/\/jardineria-navarro.com\/tienda\/"},{"@type":"ListItem","position":3,"name":"Astralpool cloro lento granulado &#8211; 5 kg"}]},{"@type":"WebSite","@id":"https:\/\/jardineria-navarro.com\/#website","url":"https:\/\/jardineria-navarro.com\/","name":"Jardiner&iacute;a Navarro","description":"Tienda online de jardiner&iacute;a","publisher":{"@id":"https:\/\/jardineria-navarro.com\/#organization"},"potentialAction":[{"@type":"SearchAction","target":{"@type":"EntryPoint","urlTemplate":"https:\/\/jardineria-navarro.com\/?s={search_term_string}"},"query-input":"required name=search_term_string"}],"inLanguage":"ca"},{"@type":"Organization","@id":"https:\/\/jardineria-navarro.com\/#organization","name":"Jardiner&iacute;a Navarro","url":"https:\/\/jardineria-navarro.com\/","logo":{"@type":"ImageObject","inLanguage":"ca","@id":"https:\/\/jardineria-navarro.com\/#\/schema\/logo\/image\/","url":"https:\/\/jardineria-navarro.com\/wp-content\/uploads\/2024\/01\/Sin-titulo-1600-x-697-px-1.png","contentUrl":"https:\/\/jardineria-navarro.com\/wp-content\/uploads\/2024\/01\/Sin-titulo-1600-x-697-px-1.png","width":1600,"height":697,"caption":"Jardiner&iacute;a Navarro"},"image":{"@id":"https:\/\/jardineria-navarro.com\/#\/schema\/logo\/image\/"}}]}},"_links":{"self":[{"href":"https:\/\/jardineria-navarro.com\/ca\/wp-json\/wp\/v2\/product\/452","targetHints":{"allow":["GET"]}}],"collection":[{"href":"https:\/\/jardineria-navarro.com\/ca\/wp-json\/wp\/v2\/product"}],"about":[{"href":"https:\/\/jardineria-navarro.com\/ca\/wp-json\/wp\/v2\/types\/product"}],"version-history":[{"count":1,"href":"https:\/\/jardineria-navarro.com\/ca\/wp-json\/wp\/v2\/product\/452\/revisions"}],"predecessor-version":[{"id":454,"href":"https:\/\/jardineria-navarro.com\/ca\/wp-json\/wp\/v2\/product\/452\/revisions\/454"}],"wp:featuredmedia":[{"embeddable":true,"href":"https:\/\/jardineria-navarro.com\/ca\/wp-json\/wp\/v2\/media\/453"}],"wp:attachment":[{"href":"https:\/\/jardineria-navarro.com\/ca\/wp-json\/wp\/v2\/media?parent=452"}],"wp:term":[{"taxonomy":"product_cat","embeddable":true,"href":"https:\/\/jardineria-navarro.com\/ca\/wp-json\/wp\/v2\/product_cat?post=452"},{"taxonomy":"product_tag","embeddable":true,"href":"https:\/\/jardineria-navarro.com\/ca\/wp-json\/wp\/v2\/product_tag?post=452"}],"curies":[{"name":"wp","href":"https:\/\/api.w.org\/{rel}","templated":true}]}}