{"id":458,"date":"2024-01-26T20:17:28","date_gmt":"2024-01-26T20:17:28","guid":{"rendered":"https:\/\/jardineria-navarro.com\/?post_type=product&#038;p=458"},"modified":"2024-02-26T11:23:02","modified_gmt":"2024-02-26T11:23:02","slug":"astralpool-floculante-liquido-5-l","status":"publish","type":"product","link":"https:\/\/jardineria-navarro.com\/ca\/tienda\/piscinas\/astralpool-floculante-liquido-5-l\/","title":{"rendered":"Astralpool floculante l\u00edquido &#8211; 5 l."},"content":{"rendered":"<p>Experimenta la eficacia del Floculante L\u00edquido de Astralpool en un pr\u00e1ctico formato de 5 litros. Dise\u00f1ado para brindar claridad cristalina al agua de tu piscina, este floculante act\u00faa de manera r\u00e1pida y efectiva para eliminar part\u00edculas suspendidas y mejorar la transparencia del agua.<\/p>\n<p>El Floculante L\u00edquido de Astralpool funciona atrayendo peque\u00f1as part\u00edculas en el agua, formando fl\u00f3culos m\u00e1s grandes que se pueden eliminar f\u00e1cilmente mediante la filtraci\u00f3n. Esto resulta en una piscina m\u00e1s clara y limpia.<\/p>\n<p>Conf\u00eda en la calidad de Astralpool para ofrecer un floculante l\u00edquido de confianza, respaldado por a\u00f1os de experiencia en el cuidado de piscinas. A\u00f1ade claridad y nitidez a tu experiencia de piscina con Astralpool Floculante L\u00edquido.<\/p>","protected":false},"excerpt":{"rendered":"<p>Experimenta la eficacia del Floculante L\u00edquido de Astralpool en un pr\u00e1ctico formato de 5 litros. Dise\u00f1ado para brindar claridad cristalina al agua de tu piscina, este floculante act\u00faa de manera r\u00e1pida y efectiva para eliminar part\u00edculas suspendidas y mejorar la transparencia del agua. El Floculante L\u00edquido de Astralpool funciona atrayendo peque\u00f1as part\u00edculas en el agua, [&hellip;]<\/p>","protected":false},"featured_media":459,"template":"","meta":[],"product_cat":[23],"product_tag":[],"class_list":{"0":"post-458","1":"product","2":"type-product","3":"status-publish","4":"has-post-thumbnail","6":"product_cat-piscinas","8":"first","9":"instock","10":"taxable","11":"shipping-taxable","12":"purchasable","13":"product-type-simple"},"yoast_head":"<!-- This site is optimized with the Yoast SEO plugin v23.0 - https:\/\/yoast.com\/wordpress\/plugins\/seo\/ -->\n<title>Astralpool floculante l\u00edquido - 5 l. - Jardiner&iacute;a Navarro<\/title>\n<meta name=\"description\" content=\"Optimiza la claridad del agua de tu piscina con el floculante l\u00edquido de Astralpool en envase de 5 litros. Elimina part\u00edculas suspendidas.\" \/>\n<meta name=\"robots\" content=\"index, follow, max-snippet:-1, max-image-preview:large, max-video-preview:-1\" \/>\n<link rel=\"canonical\" href=\"https:\/\/jardineria-navarro.com\/ca\/tienda\/piscinas\/astralpool-floculante-liquido-5-l\/\" \/>\n<meta property=\"og:locale\" content=\"ca_ES\" \/>\n<meta property=\"og:type\" content=\"article\" \/>\n<meta property=\"og:title\" content=\"Astralpool floculante l\u00edquido - 5 l. - Jardiner&iacute;a Navarro\" \/>\n<meta property=\"og:description\" content=\"Optimiza la claridad del agua de tu piscina con el floculante l\u00edquido de Astralpool en envase de 5 litros. Elimina part\u00edculas suspendidas.\" \/>\n<meta property=\"og:url\" content=\"https:\/\/jardineria-navarro.com\/ca\/tienda\/piscinas\/astralpool-floculante-liquido-5-l\/\" \/>\n<meta property=\"og:site_name\" content=\"Jardiner&iacute;a Navarro\" \/>\n<meta property=\"article:modified_time\" content=\"2024-02-26T11:23:02+00:00\" \/>\n<meta property=\"og:image\" content=\"https:\/\/jardineria-navarro.com\/wp-content\/uploads\/2024\/01\/05.jpg\" \/>\n\t<meta property=\"og:image:width\" content=\"223\" \/>\n\t<meta property=\"og:image:height\" content=\"300\" \/>\n\t<meta property=\"og:image:type\" content=\"image\/jpeg\" \/>\n<meta name=\"twitter:card\" content=\"summary_large_image\" \/>\n<meta name=\"twitter:label1\" content=\"Temps estimat de lectura\" \/>\n\t<meta name=\"twitter:data1\" content=\"1 minut\" \/>\n<script type=\"application\/ld+json\" class=\"yoast-schema-graph\">{\"@context\":\"https:\/\/schema.org\",\"@graph\":[{\"@type\":\"WebPage\",\"@id\":\"https:\/\/jardineria-navarro.com\/tienda\/piscinas\/astralpool-floculante-liquido-5-l\/\",\"url\":\"https:\/\/jardineria-navarro.com\/tienda\/piscinas\/astralpool-floculante-liquido-5-l\/\",\"name\":\"Astralpool floculante l\u00edquido - 5 l. - Jardiner&iacute;a Navarro\",\"isPartOf\":{\"@id\":\"https:\/\/jardineria-navarro.com\/#website\"},\"primaryImageOfPage\":{\"@id\":\"https:\/\/jardineria-navarro.com\/tienda\/piscinas\/astralpool-floculante-liquido-5-l\/#primaryimage\"},\"image\":{\"@id\":\"https:\/\/jardineria-navarro.com\/tienda\/piscinas\/astralpool-floculante-liquido-5-l\/#primaryimage\"},\"thumbnailUrl\":\"https:\/\/jardineria-navarro.com\/wp-content\/uploads\/2024\/01\/05.jpg\",\"datePublished\":\"2024-01-26T20:17:28+00:00\",\"dateModified\":\"2024-02-26T11:23:02+00:00\",\"description\":\"Optimiza la claridad del agua de tu piscina con el floculante l\u00edquido de Astralpool en envase de 5 litros. Elimina part\u00edculas suspendidas.\",\"breadcrumb\":{\"@id\":\"https:\/\/jardineria-navarro.com\/tienda\/piscinas\/astralpool-floculante-liquido-5-l\/#breadcrumb\"},\"inLanguage\":\"ca\",\"potentialAction\":[{\"@type\":\"ReadAction\",\"target\":[\"https:\/\/jardineria-navarro.com\/tienda\/piscinas\/astralpool-floculante-liquido-5-l\/\"]}]},{\"@type\":\"ImageObject\",\"inLanguage\":\"ca\",\"@id\":\"https:\/\/jardineria-navarro.com\/tienda\/piscinas\/astralpool-floculante-liquido-5-l\/#primaryimage\",\"url\":\"https:\/\/jardineria-navarro.com\/wp-content\/uploads\/2024\/01\/05.jpg\",\"contentUrl\":\"https:\/\/jardineria-navarro.com\/wp-content\/uploads\/2024\/01\/05.jpg\",\"width\":223,\"height\":300,\"caption\":\"ASTRALPOOL FLOCULANTE L\u00cdQUIDO - 5 L.\"},{\"@type\":\"BreadcrumbList\",\"@id\":\"https:\/\/jardineria-navarro.com\/tienda\/piscinas\/astralpool-floculante-liquido-5-l\/#breadcrumb\",\"itemListElement\":[{\"@type\":\"ListItem\",\"position\":1,\"name\":\"Portada\",\"item\":\"https:\/\/jardineria-navarro.com\/\"},{\"@type\":\"ListItem\",\"position\":2,\"name\":\"Productos\",\"item\":\"https:\/\/jardineria-navarro.com\/tienda\/\"},{\"@type\":\"ListItem\",\"position\":3,\"name\":\"Astralpool floculante l\u00edquido &#8211; 5 l.\"}]},{\"@type\":\"WebSite\",\"@id\":\"https:\/\/jardineria-navarro.com\/#website\",\"url\":\"https:\/\/jardineria-navarro.com\/\",\"name\":\"Jardiner&iacute;a Navarro\",\"description\":\"Tienda online de jardiner&iacute;a\",\"publisher\":{\"@id\":\"https:\/\/jardineria-navarro.com\/#organization\"},\"potentialAction\":[{\"@type\":\"SearchAction\",\"target\":{\"@type\":\"EntryPoint\",\"urlTemplate\":\"https:\/\/jardineria-navarro.com\/?s={search_term_string}\"},\"query-input\":\"required name=search_term_string\"}],\"inLanguage\":\"ca\"},{\"@type\":\"Organization\",\"@id\":\"https:\/\/jardineria-navarro.com\/#organization\",\"name\":\"Jardiner&iacute;a Navarro\",\"url\":\"https:\/\/jardineria-navarro.com\/\",\"logo\":{\"@type\":\"ImageObject\",\"inLanguage\":\"ca\",\"@id\":\"https:\/\/jardineria-navarro.com\/#\/schema\/logo\/image\/\",\"url\":\"https:\/\/jardineria-navarro.com\/wp-content\/uploads\/2024\/01\/Sin-titulo-1600-x-697-px-1.png\",\"contentUrl\":\"https:\/\/jardineria-navarro.com\/wp-content\/uploads\/2024\/01\/Sin-titulo-1600-x-697-px-1.png\",\"width\":1600,\"height\":697,\"caption\":\"Jardiner&iacute;a Navarro\"},\"image\":{\"@id\":\"https:\/\/jardineria-navarro.com\/#\/schema\/logo\/image\/\"}}]}<\/script>\n<!-- \/ Yoast SEO plugin. -->","yoast_head_json":{"title":"Astralpool floculante l\u00edquido - 5 l. - Jardiner&iacute;a Navarro","description":"Optimiza la claridad del agua de tu piscina con el floculante l\u00edquido de Astralpool en envase de 5 litros. Elimina part\u00edculas suspendidas.","robots":{"index":"index","follow":"follow","max-snippet":"max-snippet:-1","max-image-preview":"max-image-preview:large","max-video-preview":"max-video-preview:-1"},"canonical":"https:\/\/jardineria-navarro.com\/ca\/tienda\/piscinas\/astralpool-floculante-liquido-5-l\/","og_locale":"ca_ES","og_type":"article","og_title":"Astralpool floculante l\u00edquido - 5 l. - Jardiner&iacute;a Navarro","og_description":"Optimiza la claridad del agua de tu piscina con el floculante l\u00edquido de Astralpool en envase de 5 litros. Elimina part\u00edculas suspendidas.","og_url":"https:\/\/jardineria-navarro.com\/ca\/tienda\/piscinas\/astralpool-floculante-liquido-5-l\/","og_site_name":"Jardiner&iacute;a Navarro","article_modified_time":"2024-02-26T11:23:02+00:00","og_image":[{"width":223,"height":300,"url":"https:\/\/jardineria-navarro.com\/wp-content\/uploads\/2024\/01\/05.jpg","type":"image\/jpeg"}],"twitter_card":"summary_large_image","twitter_misc":{"Temps estimat de lectura":"1 minut"},"schema":{"@context":"https:\/\/schema.org","@graph":[{"@type":"WebPage","@id":"https:\/\/jardineria-navarro.com\/tienda\/piscinas\/astralpool-floculante-liquido-5-l\/","url":"https:\/\/jardineria-navarro.com\/tienda\/piscinas\/astralpool-floculante-liquido-5-l\/","name":"Astralpool floculante l\u00edquido - 5 l. - Jardiner&iacute;a Navarro","isPartOf":{"@id":"https:\/\/jardineria-navarro.com\/#website"},"primaryImageOfPage":{"@id":"https:\/\/jardineria-navarro.com\/tienda\/piscinas\/astralpool-floculante-liquido-5-l\/#primaryimage"},"image":{"@id":"https:\/\/jardineria-navarro.com\/tienda\/piscinas\/astralpool-floculante-liquido-5-l\/#primaryimage"},"thumbnailUrl":"https:\/\/jardineria-navarro.com\/wp-content\/uploads\/2024\/01\/05.jpg","datePublished":"2024-01-26T20:17:28+00:00","dateModified":"2024-02-26T11:23:02+00:00","description":"Optimiza la claridad del agua de tu piscina con el floculante l\u00edquido de Astralpool en envase de 5 litros. Elimina part\u00edculas suspendidas.","breadcrumb":{"@id":"https:\/\/jardineria-navarro.com\/tienda\/piscinas\/astralpool-floculante-liquido-5-l\/#breadcrumb"},"inLanguage":"ca","potentialAction":[{"@type":"ReadAction","target":["https:\/\/jardineria-navarro.com\/tienda\/piscinas\/astralpool-floculante-liquido-5-l\/"]}]},{"@type":"ImageObject","inLanguage":"ca","@id":"https:\/\/jardineria-navarro.com\/tienda\/piscinas\/astralpool-floculante-liquido-5-l\/#primaryimage","url":"https:\/\/jardineria-navarro.com\/wp-content\/uploads\/2024\/01\/05.jpg","contentUrl":"https:\/\/jardineria-navarro.com\/wp-content\/uploads\/2024\/01\/05.jpg","width":223,"height":300,"caption":"ASTRALPOOL FLOCULANTE L\u00cdQUIDO - 5 L."},{"@type":"BreadcrumbList","@id":"https:\/\/jardineria-navarro.com\/tienda\/piscinas\/astralpool-floculante-liquido-5-l\/#breadcrumb","itemListElement":[{"@type":"ListItem","position":1,"name":"Portada","item":"https:\/\/jardineria-navarro.com\/"},{"@type":"ListItem","position":2,"name":"Productos","item":"https:\/\/jardineria-navarro.com\/tienda\/"},{"@type":"ListItem","position":3,"name":"Astralpool floculante l\u00edquido &#8211; 5 l."}]},{"@type":"WebSite","@id":"https:\/\/jardineria-navarro.com\/#website","url":"https:\/\/jardineria-navarro.com\/","name":"Jardiner&iacute;a Navarro","description":"Tienda online de jardiner&iacute;a","publisher":{"@id":"https:\/\/jardineria-navarro.com\/#organization"},"potentialAction":[{"@type":"SearchAction","target":{"@type":"EntryPoint","urlTemplate":"https:\/\/jardineria-navarro.com\/?s={search_term_string}"},"query-input":"required name=search_term_string"}],"inLanguage":"ca"},{"@type":"Organization","@id":"https:\/\/jardineria-navarro.com\/#organization","name":"Jardiner&iacute;a Navarro","url":"https:\/\/jardineria-navarro.com\/","logo":{"@type":"ImageObject","inLanguage":"ca","@id":"https:\/\/jardineria-navarro.com\/#\/schema\/logo\/image\/","url":"https:\/\/jardineria-navarro.com\/wp-content\/uploads\/2024\/01\/Sin-titulo-1600-x-697-px-1.png","contentUrl":"https:\/\/jardineria-navarro.com\/wp-content\/uploads\/2024\/01\/Sin-titulo-1600-x-697-px-1.png","width":1600,"height":697,"caption":"Jardiner&iacute;a Navarro"},"image":{"@id":"https:\/\/jardineria-navarro.com\/#\/schema\/logo\/image\/"}}]}},"_links":{"self":[{"href":"https:\/\/jardineria-navarro.com\/ca\/wp-json\/wp\/v2\/product\/458","targetHints":{"allow":["GET"]}}],"collection":[{"href":"https:\/\/jardineria-navarro.com\/ca\/wp-json\/wp\/v2\/product"}],"about":[{"href":"https:\/\/jardineria-navarro.com\/ca\/wp-json\/wp\/v2\/types\/product"}],"version-history":[{"count":1,"href":"https:\/\/jardineria-navarro.com\/ca\/wp-json\/wp\/v2\/product\/458\/revisions"}],"predecessor-version":[{"id":460,"href":"https:\/\/jardineria-navarro.com\/ca\/wp-json\/wp\/v2\/product\/458\/revisions\/460"}],"wp:featuredmedia":[{"embeddable":true,"href":"https:\/\/jardineria-navarro.com\/ca\/wp-json\/wp\/v2\/media\/459"}],"wp:attachment":[{"href":"https:\/\/jardineria-navarro.com\/ca\/wp-json\/wp\/v2\/media?parent=458"}],"wp:term":[{"taxonomy":"product_cat","embeddable":true,"href":"https:\/\/jardineria-navarro.com\/ca\/wp-json\/wp\/v2\/product_cat?post=458"},{"taxonomy":"product_tag","embeddable":true,"href":"https:\/\/jardineria-navarro.com\/ca\/wp-json\/wp\/v2\/product_tag?post=458"}],"curies":[{"name":"wp","href":"https:\/\/api.w.org\/{rel}","templated":true}]}}