{"id":468,"date":"2024-01-26T20:20:46","date_gmt":"2024-01-26T20:20:46","guid":{"rendered":"https:\/\/jardineria-navarro.com\/?post_type=product&#038;p=468"},"modified":"2024-01-29T21:53:50","modified_gmt":"2024-01-29T21:53:50","slug":"468","status":"publish","type":"product","link":"https:\/\/jardineria-navarro.com\/ca\/tienda\/piscinas\/468\/","title":{"rendered":"Astralpool ph minus granulado &#8211; 5 kg."},"content":{"rendered":"<p>Descubre la eficacia del pH Minus Granulado de Astralpool en un envase de 5 kg. Este producto est\u00e1 dise\u00f1ado para proporcionar un ajuste f\u00e1cil y preciso del nivel de pH en tu piscina, asegurando un entorno acu\u00e1tico equilibrado y c\u00f3modo.<\/p>\n<p>El pH Minus Granulado de Astralpool se disuelve uniformemente en el agua, permiti\u00e9ndote dosificar con precisi\u00f3n y controlar el pH de tu piscina seg\u00fan tus necesidades. Mant\u00e9n el equilibrio qu\u00edmico adecuado para garantizar la eficacia de otros productos de tratamiento y brindar a los ba\u00f1istas una experiencia segura y placentera.<\/p>\n<p>Conf\u00eda en la calidad de Astralpool para proporcionar un pH Minus Granulado de confianza, respaldado por d\u00e9cadas de experiencia en el cuidado de piscinas. Ajusta el pH con facilidad y disfruta de una piscina equilibrada y lista para ser disfrutada.<\/p>","protected":false},"excerpt":{"rendered":"<p>Descubre la eficacia del pH Minus Granulado de Astralpool en un envase de 5 kg. Este producto est\u00e1 dise\u00f1ado para proporcionar un ajuste f\u00e1cil y preciso del nivel de pH en tu piscina, asegurando un entorno acu\u00e1tico equilibrado y c\u00f3modo. El pH Minus Granulado de Astralpool se disuelve uniformemente en el agua, permiti\u00e9ndote dosificar con [&hellip;]<\/p>","protected":false},"featured_media":469,"template":"","meta":[],"product_cat":[23],"product_tag":[],"class_list":{"0":"post-468","1":"product","2":"type-product","3":"status-publish","4":"has-post-thumbnail","6":"product_cat-piscinas","8":"first","9":"instock","10":"taxable","11":"shipping-taxable","12":"purchasable","13":"product-type-simple"},"yoast_head":"<!-- This site is optimized with the Yoast SEO plugin v23.0 - https:\/\/yoast.com\/wordpress\/plugins\/seo\/ -->\n<title>Astralpool ph minus granulado - 5 kg. - Jardiner&iacute;a Navarro<\/title>\n<meta name=\"robots\" content=\"index, follow, max-snippet:-1, max-image-preview:large, max-video-preview:-1\" \/>\n<link rel=\"canonical\" href=\"https:\/\/jardineria-navarro.com\/ca\/tienda\/piscinas\/468\/\" \/>\n<meta property=\"og:locale\" content=\"ca_ES\" \/>\n<meta property=\"og:type\" content=\"article\" \/>\n<meta property=\"og:title\" content=\"Astralpool ph minus granulado - 5 kg. - Jardiner&iacute;a Navarro\" \/>\n<meta property=\"og:description\" content=\"Descubre la eficacia del pH Minus Granulado de Astralpool en un envase de 5 kg. Este producto est\u00e1 dise\u00f1ado para proporcionar un ajuste f\u00e1cil y preciso del nivel de pH en tu piscina, asegurando un entorno acu\u00e1tico equilibrado y c\u00f3modo. El pH Minus Granulado de Astralpool se disuelve uniformemente en el agua, permiti\u00e9ndote dosificar con [&hellip;]\" \/>\n<meta property=\"og:url\" content=\"https:\/\/jardineria-navarro.com\/ca\/tienda\/piscinas\/468\/\" \/>\n<meta property=\"og:site_name\" content=\"Jardiner&iacute;a Navarro\" \/>\n<meta property=\"article:modified_time\" content=\"2024-01-29T21:53:50+00:00\" \/>\n<meta property=\"og:image\" content=\"https:\/\/jardineria-navarro.com\/wp-content\/uploads\/2024\/01\/08.jpg\" \/>\n\t<meta property=\"og:image:width\" content=\"300\" \/>\n\t<meta property=\"og:image:height\" content=\"223\" \/>\n\t<meta property=\"og:image:type\" content=\"image\/jpeg\" \/>\n<meta name=\"twitter:card\" content=\"summary_large_image\" \/>\n<meta name=\"twitter:label1\" content=\"Temps estimat de lectura\" \/>\n\t<meta name=\"twitter:data1\" content=\"1 minut\" \/>\n<script type=\"application\/ld+json\" class=\"yoast-schema-graph\">{\"@context\":\"https:\/\/schema.org\",\"@graph\":[{\"@type\":\"WebPage\",\"@id\":\"https:\/\/jardineria-navarro.com\/tienda\/piscinas\/468\/\",\"url\":\"https:\/\/jardineria-navarro.com\/tienda\/piscinas\/468\/\",\"name\":\"Astralpool ph minus granulado - 5 kg. - Jardiner&iacute;a Navarro\",\"isPartOf\":{\"@id\":\"https:\/\/jardineria-navarro.com\/#website\"},\"primaryImageOfPage\":{\"@id\":\"https:\/\/jardineria-navarro.com\/tienda\/piscinas\/468\/#primaryimage\"},\"image\":{\"@id\":\"https:\/\/jardineria-navarro.com\/tienda\/piscinas\/468\/#primaryimage\"},\"thumbnailUrl\":\"https:\/\/jardineria-navarro.com\/wp-content\/uploads\/2024\/01\/08.jpg\",\"datePublished\":\"2024-01-26T20:20:46+00:00\",\"dateModified\":\"2024-01-29T21:53:50+00:00\",\"breadcrumb\":{\"@id\":\"https:\/\/jardineria-navarro.com\/tienda\/piscinas\/468\/#breadcrumb\"},\"inLanguage\":\"ca\",\"potentialAction\":[{\"@type\":\"ReadAction\",\"target\":[\"https:\/\/jardineria-navarro.com\/tienda\/piscinas\/468\/\"]}]},{\"@type\":\"ImageObject\",\"inLanguage\":\"ca\",\"@id\":\"https:\/\/jardineria-navarro.com\/tienda\/piscinas\/468\/#primaryimage\",\"url\":\"https:\/\/jardineria-navarro.com\/wp-content\/uploads\/2024\/01\/08.jpg\",\"contentUrl\":\"https:\/\/jardineria-navarro.com\/wp-content\/uploads\/2024\/01\/08.jpg\",\"width\":300,\"height\":223,\"caption\":\"ASTRALPOOL PH MINUS GRANULADO - 5 KG\"},{\"@type\":\"BreadcrumbList\",\"@id\":\"https:\/\/jardineria-navarro.com\/tienda\/piscinas\/468\/#breadcrumb\",\"itemListElement\":[{\"@type\":\"ListItem\",\"position\":1,\"name\":\"Portada\",\"item\":\"https:\/\/jardineria-navarro.com\/\"},{\"@type\":\"ListItem\",\"position\":2,\"name\":\"Productos\",\"item\":\"https:\/\/jardineria-navarro.com\/tienda\/\"},{\"@type\":\"ListItem\",\"position\":3,\"name\":\"Astralpool ph minus granulado &#8211; 5 kg.\"}]},{\"@type\":\"WebSite\",\"@id\":\"https:\/\/jardineria-navarro.com\/#website\",\"url\":\"https:\/\/jardineria-navarro.com\/\",\"name\":\"Jardiner&iacute;a Navarro\",\"description\":\"Tienda online de jardiner&iacute;a\",\"publisher\":{\"@id\":\"https:\/\/jardineria-navarro.com\/#organization\"},\"potentialAction\":[{\"@type\":\"SearchAction\",\"target\":{\"@type\":\"EntryPoint\",\"urlTemplate\":\"https:\/\/jardineria-navarro.com\/?s={search_term_string}\"},\"query-input\":\"required name=search_term_string\"}],\"inLanguage\":\"ca\"},{\"@type\":\"Organization\",\"@id\":\"https:\/\/jardineria-navarro.com\/#organization\",\"name\":\"Jardiner&iacute;a Navarro\",\"url\":\"https:\/\/jardineria-navarro.com\/\",\"logo\":{\"@type\":\"ImageObject\",\"inLanguage\":\"ca\",\"@id\":\"https:\/\/jardineria-navarro.com\/#\/schema\/logo\/image\/\",\"url\":\"https:\/\/jardineria-navarro.com\/wp-content\/uploads\/2024\/01\/Sin-titulo-1600-x-697-px-1.png\",\"contentUrl\":\"https:\/\/jardineria-navarro.com\/wp-content\/uploads\/2024\/01\/Sin-titulo-1600-x-697-px-1.png\",\"width\":1600,\"height\":697,\"caption\":\"Jardiner&iacute;a Navarro\"},\"image\":{\"@id\":\"https:\/\/jardineria-navarro.com\/#\/schema\/logo\/image\/\"}}]}<\/script>\n<!-- \/ Yoast SEO plugin. -->","yoast_head_json":{"title":"Astralpool ph minus granulado - 5 kg. - Jardiner&iacute;a Navarro","robots":{"index":"index","follow":"follow","max-snippet":"max-snippet:-1","max-image-preview":"max-image-preview:large","max-video-preview":"max-video-preview:-1"},"canonical":"https:\/\/jardineria-navarro.com\/ca\/tienda\/piscinas\/468\/","og_locale":"ca_ES","og_type":"article","og_title":"Astralpool ph minus granulado - 5 kg. - Jardiner&iacute;a Navarro","og_description":"Descubre la eficacia del pH Minus Granulado de Astralpool en un envase de 5 kg. Este producto est\u00e1 dise\u00f1ado para proporcionar un ajuste f\u00e1cil y preciso del nivel de pH en tu piscina, asegurando un entorno acu\u00e1tico equilibrado y c\u00f3modo. El pH Minus Granulado de Astralpool se disuelve uniformemente en el agua, permiti\u00e9ndote dosificar con [&hellip;]","og_url":"https:\/\/jardineria-navarro.com\/ca\/tienda\/piscinas\/468\/","og_site_name":"Jardiner&iacute;a Navarro","article_modified_time":"2024-01-29T21:53:50+00:00","og_image":[{"width":300,"height":223,"url":"https:\/\/jardineria-navarro.com\/wp-content\/uploads\/2024\/01\/08.jpg","type":"image\/jpeg"}],"twitter_card":"summary_large_image","twitter_misc":{"Temps estimat de lectura":"1 minut"},"schema":{"@context":"https:\/\/schema.org","@graph":[{"@type":"WebPage","@id":"https:\/\/jardineria-navarro.com\/tienda\/piscinas\/468\/","url":"https:\/\/jardineria-navarro.com\/tienda\/piscinas\/468\/","name":"Astralpool ph minus granulado - 5 kg. - Jardiner&iacute;a Navarro","isPartOf":{"@id":"https:\/\/jardineria-navarro.com\/#website"},"primaryImageOfPage":{"@id":"https:\/\/jardineria-navarro.com\/tienda\/piscinas\/468\/#primaryimage"},"image":{"@id":"https:\/\/jardineria-navarro.com\/tienda\/piscinas\/468\/#primaryimage"},"thumbnailUrl":"https:\/\/jardineria-navarro.com\/wp-content\/uploads\/2024\/01\/08.jpg","datePublished":"2024-01-26T20:20:46+00:00","dateModified":"2024-01-29T21:53:50+00:00","breadcrumb":{"@id":"https:\/\/jardineria-navarro.com\/tienda\/piscinas\/468\/#breadcrumb"},"inLanguage":"ca","potentialAction":[{"@type":"ReadAction","target":["https:\/\/jardineria-navarro.com\/tienda\/piscinas\/468\/"]}]},{"@type":"ImageObject","inLanguage":"ca","@id":"https:\/\/jardineria-navarro.com\/tienda\/piscinas\/468\/#primaryimage","url":"https:\/\/jardineria-navarro.com\/wp-content\/uploads\/2024\/01\/08.jpg","contentUrl":"https:\/\/jardineria-navarro.com\/wp-content\/uploads\/2024\/01\/08.jpg","width":300,"height":223,"caption":"ASTRALPOOL PH MINUS GRANULADO - 5 KG"},{"@type":"BreadcrumbList","@id":"https:\/\/jardineria-navarro.com\/tienda\/piscinas\/468\/#breadcrumb","itemListElement":[{"@type":"ListItem","position":1,"name":"Portada","item":"https:\/\/jardineria-navarro.com\/"},{"@type":"ListItem","position":2,"name":"Productos","item":"https:\/\/jardineria-navarro.com\/tienda\/"},{"@type":"ListItem","position":3,"name":"Astralpool ph minus granulado &#8211; 5 kg."}]},{"@type":"WebSite","@id":"https:\/\/jardineria-navarro.com\/#website","url":"https:\/\/jardineria-navarro.com\/","name":"Jardiner&iacute;a Navarro","description":"Tienda online de jardiner&iacute;a","publisher":{"@id":"https:\/\/jardineria-navarro.com\/#organization"},"potentialAction":[{"@type":"SearchAction","target":{"@type":"EntryPoint","urlTemplate":"https:\/\/jardineria-navarro.com\/?s={search_term_string}"},"query-input":"required name=search_term_string"}],"inLanguage":"ca"},{"@type":"Organization","@id":"https:\/\/jardineria-navarro.com\/#organization","name":"Jardiner&iacute;a Navarro","url":"https:\/\/jardineria-navarro.com\/","logo":{"@type":"ImageObject","inLanguage":"ca","@id":"https:\/\/jardineria-navarro.com\/#\/schema\/logo\/image\/","url":"https:\/\/jardineria-navarro.com\/wp-content\/uploads\/2024\/01\/Sin-titulo-1600-x-697-px-1.png","contentUrl":"https:\/\/jardineria-navarro.com\/wp-content\/uploads\/2024\/01\/Sin-titulo-1600-x-697-px-1.png","width":1600,"height":697,"caption":"Jardiner&iacute;a Navarro"},"image":{"@id":"https:\/\/jardineria-navarro.com\/#\/schema\/logo\/image\/"}}]}},"_links":{"self":[{"href":"https:\/\/jardineria-navarro.com\/ca\/wp-json\/wp\/v2\/product\/468","targetHints":{"allow":["GET"]}}],"collection":[{"href":"https:\/\/jardineria-navarro.com\/ca\/wp-json\/wp\/v2\/product"}],"about":[{"href":"https:\/\/jardineria-navarro.com\/ca\/wp-json\/wp\/v2\/types\/product"}],"version-history":[{"count":2,"href":"https:\/\/jardineria-navarro.com\/ca\/wp-json\/wp\/v2\/product\/468\/revisions"}],"predecessor-version":[{"id":471,"href":"https:\/\/jardineria-navarro.com\/ca\/wp-json\/wp\/v2\/product\/468\/revisions\/471"}],"wp:featuredmedia":[{"embeddable":true,"href":"https:\/\/jardineria-navarro.com\/ca\/wp-json\/wp\/v2\/media\/469"}],"wp:attachment":[{"href":"https:\/\/jardineria-navarro.com\/ca\/wp-json\/wp\/v2\/media?parent=468"}],"wp:term":[{"taxonomy":"product_cat","embeddable":true,"href":"https:\/\/jardineria-navarro.com\/ca\/wp-json\/wp\/v2\/product_cat?post=468"},{"taxonomy":"product_tag","embeddable":true,"href":"https:\/\/jardineria-navarro.com\/ca\/wp-json\/wp\/v2\/product_tag?post=468"}],"curies":[{"name":"wp","href":"https:\/\/api.w.org\/{rel}","templated":true}]}}