{"id":487,"date":"2024-01-26T22:45:01","date_gmt":"2024-01-26T22:45:01","guid":{"rendered":"https:\/\/jardineria-navarro.com\/?post_type=product&#038;p=487"},"modified":"2024-02-14T09:16:09","modified_gmt":"2024-02-14T09:16:09","slug":"cesped-artificial-cronos","status":"publish","type":"product","link":"https:\/\/jardineria-navarro.com\/ca\/tienda\/cesped-artificial\/cesped-artificial-cronos\/","title":{"rendered":"C\u00e9sped Artificial CRONOS"},"content":{"rendered":"<p>ALTURA: 40 mm + 2 mm de base<\/p>\n<p>FIBRA: Hilo recto monofilamento de PE y rizado bicolor de PP<\/p>\n<p>DTEX: 8.000\/14 dtex por cada puntada<\/p>\n<p>PUNTADAS\/m2: 25.200 puntadas\/m2<\/p>\n<p>PESO FIBRA: 1.950 gr\/m2 PESO BASE: 950 gr\/m2 PESO TOTAL 2.900 gr\/m2<\/p>\n<p>TIPO DE BASE: Primaria de PP y secundaria de L\u00e1tex<\/p>\n<p>PERMEABILIDAD : 60 litros x minuto x 1 m2<\/p>\n<p>ESTABILIDAD UV : DIN 53387<\/p>\n<p>RESISTENCIA AL FUEGO: Ef1S2 teniendo la posibilidad de conseguir con la inclusi\u00f3n de 6-8 kg\/m2 de arena de s\u00edlice una certificaci\u00f3n de Cf1S1<\/p>\n<p>El c\u00e9sped artificial Cronos es un producto desarrollado por Interc\u00e9sped. Uso de la \u00faltimas tecnolog\u00edas. Marca l\u00edder de distribuci\u00f3n en el mercado europeo. Producto exclusivo para distribuidores autorizados o premium<\/p>\n<p><strong>22,00 \u20ac + IVA \/ M2 (ROLLO DE 40 M2)<\/strong><\/p>","protected":false},"excerpt":{"rendered":"<p>ALTURA: 40 mm + 2 mm de base FIBRA: Hilo recto monofilamento de PE y rizado bicolor de PP DTEX: 8.000\/14 dtex por cada puntada PUNTADAS\/m2: 25.200 puntadas\/m2 PESO FIBRA: 1.950 gr\/m2 PESO BASE: 950 gr\/m2 PESO TOTAL 2.900 gr\/m2 TIPO DE BASE: Primaria de PP y secundaria de L\u00e1tex PERMEABILIDAD : 60 litros x [&hellip;]<\/p>","protected":false},"featured_media":488,"template":"","meta":[],"product_cat":[22],"product_tag":[],"class_list":{"0":"post-487","1":"product","2":"type-product","3":"status-publish","4":"has-post-thumbnail","6":"product_cat-cesped-artificial","8":"first","9":"instock","10":"taxable","11":"shipping-taxable","12":"purchasable","13":"product-type-simple"},"yoast_head":"<!-- This site is optimized with the Yoast SEO plugin v23.0 - https:\/\/yoast.com\/wordpress\/plugins\/seo\/ -->\n<title>C\u00e9sped Artificial CRONOS - Jardineria Navarro<\/title>\n<meta name=\"description\" content=\"En Jardiner\u00eda Navarro te ofrecemos el c\u00e9sped artificial CRONOS, con una gran calidad y f\u00e1cil mantenimiento. Compra ya tu c\u00e9sped en Jardiner\u00eda Navarro.\" \/>\n<meta name=\"robots\" content=\"index, follow, max-snippet:-1, max-image-preview:large, max-video-preview:-1\" \/>\n<link rel=\"canonical\" href=\"https:\/\/jardineria-navarro.com\/ca\/tienda\/cesped-artificial\/cesped-artificial-cronos\/\" \/>\n<meta property=\"og:locale\" content=\"ca_ES\" \/>\n<meta property=\"og:type\" content=\"article\" \/>\n<meta property=\"og:title\" content=\"C\u00e9sped Artificial CRONOS - Jardineria Navarro\" \/>\n<meta property=\"og:description\" content=\"En Jardiner\u00eda Navarro te ofrecemos el c\u00e9sped artificial CRONOS, con una gran calidad y f\u00e1cil mantenimiento. Compra ya tu c\u00e9sped en Jardiner\u00eda Navarro.\" \/>\n<meta property=\"og:url\" content=\"https:\/\/jardineria-navarro.com\/ca\/tienda\/cesped-artificial\/cesped-artificial-cronos\/\" \/>\n<meta property=\"og:site_name\" content=\"Jardiner&iacute;a Navarro\" \/>\n<meta property=\"article:modified_time\" content=\"2024-02-14T09:16:09+00:00\" \/>\n<meta property=\"og:image\" content=\"https:\/\/jardineria-navarro.com\/wp-content\/uploads\/2024\/01\/017-e1706557709910.jpg\" \/>\n\t<meta property=\"og:image:width\" content=\"1000\" \/>\n\t<meta property=\"og:image:height\" content=\"468\" \/>\n\t<meta property=\"og:image:type\" content=\"image\/jpeg\" \/>\n<meta name=\"twitter:card\" content=\"summary_large_image\" \/>\n<meta name=\"twitter:label1\" content=\"Temps estimat de lectura\" \/>\n\t<meta name=\"twitter:data1\" content=\"1 minut\" \/>\n<script type=\"application\/ld+json\" class=\"yoast-schema-graph\">{\"@context\":\"https:\/\/schema.org\",\"@graph\":[{\"@type\":\"WebPage\",\"@id\":\"https:\/\/jardineria-navarro.com\/tienda\/cesped-artificial\/cesped-artificial-cronos\/\",\"url\":\"https:\/\/jardineria-navarro.com\/tienda\/cesped-artificial\/cesped-artificial-cronos\/\",\"name\":\"C\u00e9sped Artificial CRONOS - Jardineria Navarro\",\"isPartOf\":{\"@id\":\"https:\/\/jardineria-navarro.com\/#website\"},\"primaryImageOfPage\":{\"@id\":\"https:\/\/jardineria-navarro.com\/tienda\/cesped-artificial\/cesped-artificial-cronos\/#primaryimage\"},\"image\":{\"@id\":\"https:\/\/jardineria-navarro.com\/tienda\/cesped-artificial\/cesped-artificial-cronos\/#primaryimage\"},\"thumbnailUrl\":\"https:\/\/jardineria-navarro.com\/wp-content\/uploads\/2024\/01\/017-e1706557709910.jpg\",\"datePublished\":\"2024-01-26T22:45:01+00:00\",\"dateModified\":\"2024-02-14T09:16:09+00:00\",\"description\":\"En Jardiner\u00eda Navarro te ofrecemos el c\u00e9sped artificial CRONOS, con una gran calidad y f\u00e1cil mantenimiento. Compra ya tu c\u00e9sped en Jardiner\u00eda Navarro.\",\"breadcrumb\":{\"@id\":\"https:\/\/jardineria-navarro.com\/tienda\/cesped-artificial\/cesped-artificial-cronos\/#breadcrumb\"},\"inLanguage\":\"ca\",\"potentialAction\":[{\"@type\":\"ReadAction\",\"target\":[\"https:\/\/jardineria-navarro.com\/tienda\/cesped-artificial\/cesped-artificial-cronos\/\"]}]},{\"@type\":\"ImageObject\",\"inLanguage\":\"ca\",\"@id\":\"https:\/\/jardineria-navarro.com\/tienda\/cesped-artificial\/cesped-artificial-cronos\/#primaryimage\",\"url\":\"https:\/\/jardineria-navarro.com\/wp-content\/uploads\/2024\/01\/017-e1706557709910.jpg\",\"contentUrl\":\"https:\/\/jardineria-navarro.com\/wp-content\/uploads\/2024\/01\/017-e1706557709910.jpg\",\"width\":1000,\"height\":468,\"caption\":\"C\u00e9sped Artificial Cronos\"},{\"@type\":\"BreadcrumbList\",\"@id\":\"https:\/\/jardineria-navarro.com\/tienda\/cesped-artificial\/cesped-artificial-cronos\/#breadcrumb\",\"itemListElement\":[{\"@type\":\"ListItem\",\"position\":1,\"name\":\"Portada\",\"item\":\"https:\/\/jardineria-navarro.com\/\"},{\"@type\":\"ListItem\",\"position\":2,\"name\":\"Productos\",\"item\":\"https:\/\/jardineria-navarro.com\/tienda\/\"},{\"@type\":\"ListItem\",\"position\":3,\"name\":\"C\u00e9sped Artificial CRONOS\"}]},{\"@type\":\"WebSite\",\"@id\":\"https:\/\/jardineria-navarro.com\/#website\",\"url\":\"https:\/\/jardineria-navarro.com\/\",\"name\":\"Jardiner&iacute;a Navarro\",\"description\":\"Tienda online de jardiner&iacute;a\",\"publisher\":{\"@id\":\"https:\/\/jardineria-navarro.com\/#organization\"},\"potentialAction\":[{\"@type\":\"SearchAction\",\"target\":{\"@type\":\"EntryPoint\",\"urlTemplate\":\"https:\/\/jardineria-navarro.com\/?s={search_term_string}\"},\"query-input\":\"required name=search_term_string\"}],\"inLanguage\":\"ca\"},{\"@type\":\"Organization\",\"@id\":\"https:\/\/jardineria-navarro.com\/#organization\",\"name\":\"Jardiner&iacute;a Navarro\",\"url\":\"https:\/\/jardineria-navarro.com\/\",\"logo\":{\"@type\":\"ImageObject\",\"inLanguage\":\"ca\",\"@id\":\"https:\/\/jardineria-navarro.com\/#\/schema\/logo\/image\/\",\"url\":\"https:\/\/jardineria-navarro.com\/wp-content\/uploads\/2024\/01\/Sin-titulo-1600-x-697-px-1.png\",\"contentUrl\":\"https:\/\/jardineria-navarro.com\/wp-content\/uploads\/2024\/01\/Sin-titulo-1600-x-697-px-1.png\",\"width\":1600,\"height\":697,\"caption\":\"Jardiner&iacute;a Navarro\"},\"image\":{\"@id\":\"https:\/\/jardineria-navarro.com\/#\/schema\/logo\/image\/\"}}]}<\/script>\n<!-- \/ Yoast SEO plugin. -->","yoast_head_json":{"title":"C\u00e9sped Artificial CRONOS - Jardineria Navarro","description":"En Jardiner\u00eda Navarro te ofrecemos el c\u00e9sped artificial CRONOS, con una gran calidad y f\u00e1cil mantenimiento. Compra ya tu c\u00e9sped en Jardiner\u00eda Navarro.","robots":{"index":"index","follow":"follow","max-snippet":"max-snippet:-1","max-image-preview":"max-image-preview:large","max-video-preview":"max-video-preview:-1"},"canonical":"https:\/\/jardineria-navarro.com\/ca\/tienda\/cesped-artificial\/cesped-artificial-cronos\/","og_locale":"ca_ES","og_type":"article","og_title":"C\u00e9sped Artificial CRONOS - Jardineria Navarro","og_description":"En Jardiner\u00eda Navarro te ofrecemos el c\u00e9sped artificial CRONOS, con una gran calidad y f\u00e1cil mantenimiento. Compra ya tu c\u00e9sped en Jardiner\u00eda Navarro.","og_url":"https:\/\/jardineria-navarro.com\/ca\/tienda\/cesped-artificial\/cesped-artificial-cronos\/","og_site_name":"Jardiner&iacute;a Navarro","article_modified_time":"2024-02-14T09:16:09+00:00","og_image":[{"width":1000,"height":468,"url":"https:\/\/jardineria-navarro.com\/wp-content\/uploads\/2024\/01\/017-e1706557709910.jpg","type":"image\/jpeg"}],"twitter_card":"summary_large_image","twitter_misc":{"Temps estimat de lectura":"1 minut"},"schema":{"@context":"https:\/\/schema.org","@graph":[{"@type":"WebPage","@id":"https:\/\/jardineria-navarro.com\/tienda\/cesped-artificial\/cesped-artificial-cronos\/","url":"https:\/\/jardineria-navarro.com\/tienda\/cesped-artificial\/cesped-artificial-cronos\/","name":"C\u00e9sped Artificial CRONOS - Jardineria Navarro","isPartOf":{"@id":"https:\/\/jardineria-navarro.com\/#website"},"primaryImageOfPage":{"@id":"https:\/\/jardineria-navarro.com\/tienda\/cesped-artificial\/cesped-artificial-cronos\/#primaryimage"},"image":{"@id":"https:\/\/jardineria-navarro.com\/tienda\/cesped-artificial\/cesped-artificial-cronos\/#primaryimage"},"thumbnailUrl":"https:\/\/jardineria-navarro.com\/wp-content\/uploads\/2024\/01\/017-e1706557709910.jpg","datePublished":"2024-01-26T22:45:01+00:00","dateModified":"2024-02-14T09:16:09+00:00","description":"En Jardiner\u00eda Navarro te ofrecemos el c\u00e9sped artificial CRONOS, con una gran calidad y f\u00e1cil mantenimiento. Compra ya tu c\u00e9sped en Jardiner\u00eda Navarro.","breadcrumb":{"@id":"https:\/\/jardineria-navarro.com\/tienda\/cesped-artificial\/cesped-artificial-cronos\/#breadcrumb"},"inLanguage":"ca","potentialAction":[{"@type":"ReadAction","target":["https:\/\/jardineria-navarro.com\/tienda\/cesped-artificial\/cesped-artificial-cronos\/"]}]},{"@type":"ImageObject","inLanguage":"ca","@id":"https:\/\/jardineria-navarro.com\/tienda\/cesped-artificial\/cesped-artificial-cronos\/#primaryimage","url":"https:\/\/jardineria-navarro.com\/wp-content\/uploads\/2024\/01\/017-e1706557709910.jpg","contentUrl":"https:\/\/jardineria-navarro.com\/wp-content\/uploads\/2024\/01\/017-e1706557709910.jpg","width":1000,"height":468,"caption":"C\u00e9sped Artificial Cronos"},{"@type":"BreadcrumbList","@id":"https:\/\/jardineria-navarro.com\/tienda\/cesped-artificial\/cesped-artificial-cronos\/#breadcrumb","itemListElement":[{"@type":"ListItem","position":1,"name":"Portada","item":"https:\/\/jardineria-navarro.com\/"},{"@type":"ListItem","position":2,"name":"Productos","item":"https:\/\/jardineria-navarro.com\/tienda\/"},{"@type":"ListItem","position":3,"name":"C\u00e9sped Artificial CRONOS"}]},{"@type":"WebSite","@id":"https:\/\/jardineria-navarro.com\/#website","url":"https:\/\/jardineria-navarro.com\/","name":"Jardiner&iacute;a Navarro","description":"Tienda online de jardiner&iacute;a","publisher":{"@id":"https:\/\/jardineria-navarro.com\/#organization"},"potentialAction":[{"@type":"SearchAction","target":{"@type":"EntryPoint","urlTemplate":"https:\/\/jardineria-navarro.com\/?s={search_term_string}"},"query-input":"required name=search_term_string"}],"inLanguage":"ca"},{"@type":"Organization","@id":"https:\/\/jardineria-navarro.com\/#organization","name":"Jardiner&iacute;a Navarro","url":"https:\/\/jardineria-navarro.com\/","logo":{"@type":"ImageObject","inLanguage":"ca","@id":"https:\/\/jardineria-navarro.com\/#\/schema\/logo\/image\/","url":"https:\/\/jardineria-navarro.com\/wp-content\/uploads\/2024\/01\/Sin-titulo-1600-x-697-px-1.png","contentUrl":"https:\/\/jardineria-navarro.com\/wp-content\/uploads\/2024\/01\/Sin-titulo-1600-x-697-px-1.png","width":1600,"height":697,"caption":"Jardiner&iacute;a Navarro"},"image":{"@id":"https:\/\/jardineria-navarro.com\/#\/schema\/logo\/image\/"}}]}},"_links":{"self":[{"href":"https:\/\/jardineria-navarro.com\/ca\/wp-json\/wp\/v2\/product\/487","targetHints":{"allow":["GET"]}}],"collection":[{"href":"https:\/\/jardineria-navarro.com\/ca\/wp-json\/wp\/v2\/product"}],"about":[{"href":"https:\/\/jardineria-navarro.com\/ca\/wp-json\/wp\/v2\/types\/product"}],"version-history":[{"count":2,"href":"https:\/\/jardineria-navarro.com\/ca\/wp-json\/wp\/v2\/product\/487\/revisions"}],"predecessor-version":[{"id":819,"href":"https:\/\/jardineria-navarro.com\/ca\/wp-json\/wp\/v2\/product\/487\/revisions\/819"}],"wp:featuredmedia":[{"embeddable":true,"href":"https:\/\/jardineria-navarro.com\/ca\/wp-json\/wp\/v2\/media\/488"}],"wp:attachment":[{"href":"https:\/\/jardineria-navarro.com\/ca\/wp-json\/wp\/v2\/media?parent=487"}],"wp:term":[{"taxonomy":"product_cat","embeddable":true,"href":"https:\/\/jardineria-navarro.com\/ca\/wp-json\/wp\/v2\/product_cat?post=487"},{"taxonomy":"product_tag","embeddable":true,"href":"https:\/\/jardineria-navarro.com\/ca\/wp-json\/wp\/v2\/product_tag?post=487"}],"curies":[{"name":"wp","href":"https:\/\/api.w.org\/{rel}","templated":true}]}}